{"id":289,"date":"2019-10-28T18:18:56","date_gmt":"2019-10-28T17:18:56","guid":{"rendered":"http:\/\/polsinelli.me\/?page_id=289"},"modified":"2022-08-04T08:39:29","modified_gmt":"2022-08-04T06:39:29","slug":"billard-hollandais","status":"publish","type":"page","link":"https:\/\/polsinelli.me\/index.php\/location-de-jeux\/billard-hollandais\/","title":{"rendered":"Billard Hollandais"},"content":{"rendered":"\n<div class=\"wp-block-columns alignwide has-2-columns is-layout-flex wp-container-core-columns-layout-1 wp-block-columns-is-layout-flex\">\n<div class=\"wp-block-column is-layout-flow wp-block-column-is-layout-flow\">\n<div class=\"wp-block-image\"><figure class=\"aligncenter is-resized\"><img loading=\"lazy\" decoding=\"async\" src=\"http:\/\/polsinelli.me\/wp-content\/uploads\/2019\/10\/PLC-J-Billard-Hollandais-P-768x1024.jpg\" alt=\"\" class=\"wp-image-946\" width=\"377\" height=\"503\" srcset=\"https:\/\/polsinelli.me\/wp-content\/uploads\/2019\/10\/PLC-J-Billard-Hollandais-P-768x1024.jpg 768w, https:\/\/polsinelli.me\/wp-content\/uploads\/2019\/10\/PLC-J-Billard-Hollandais-P-225x300.jpg 225w\" sizes=\"(max-width: 377px) 100vw, 377px\" \/><\/figure><\/div>\n\n\n\n<figure class=\"wp-block-image\"><img decoding=\"async\" src=\"http:\/\/polsinelli.me\/wp-content\/uploads\/2019\/10\/PLC-J-Billard-Hollandais-P2-1024x319.jpg\" alt=\"L\u2019attribut alt de cette image est vide, son nom de fichier est PLC-J-Billard-Hollandais-P2-1024x319.jpg.\"\/><\/figure>\n<\/div>\n\n\n\n<div class=\"wp-block-column is-layout-flow wp-block-column-is-layout-flow\">\n<p><\/p>\n\n\n\n<p><strong>Type de Jeux :<\/strong> Jeux d&#8217;adresse<\/p>\n\n\n\n<p><strong>Nombre de Joueurs :<\/strong> illimit\u00e9 mais 1 par 1<\/p>\n\n\n\n<p><strong>Age minimum :<\/strong> 5 ans<\/p>\n\n\n\n<p><strong>Objectif : <\/strong>Faire le plus de points en envoyant les palets dans les casiers en les faisant glisser.<\/p>\n\n\n\n<p><\/p>\n\n\n\n<p>Chaque pion entr\u00e9 vaut le nombre de point indiqu\u00e9 sur la case, mais d\u00e9s que l&#8217;on fait un groupe (un pion dans chaque case) on compte 20 points.<\/p>\n<\/div>\n<\/div>\n","protected":false},"excerpt":{"rendered":"<p>Type de Jeux : Jeux d&#8217;adresse Nombre de Joueurs : illimit\u00e9 mais 1 par 1 Age minimum : 5 ans Objectif : Faire le plus de points en envoyant les palets dans les casiers en les faisant glisser. Chaque pion entr\u00e9 vaut le nombre de point indiqu\u00e9 sur la case, mais d\u00e9s que l&#8217;on fait &hellip;<\/p>\n<p class=\"read-more\"> <a class=\"\" href=\"https:\/\/polsinelli.me\/index.php\/location-de-jeux\/billard-hollandais\/\"> <span class=\"screen-reader-text\">Billard Hollandais<\/span> Lire la suite\u00a0\u00bb<\/a><\/p>\n","protected":false},"author":1,"featured_media":373,"parent":705,"menu_order":0,"comment_status":"closed","ping_status":"closed","template":"","meta":{"footnotes":""},"_links":{"self":[{"href":"https:\/\/polsinelli.me\/index.php\/wp-json\/wp\/v2\/pages\/289"}],"collection":[{"href":"https:\/\/polsinelli.me\/index.php\/wp-json\/wp\/v2\/pages"}],"about":[{"href":"https:\/\/polsinelli.me\/index.php\/wp-json\/wp\/v2\/types\/page"}],"author":[{"embeddable":true,"href":"https:\/\/polsinelli.me\/index.php\/wp-json\/wp\/v2\/users\/1"}],"replies":[{"embeddable":true,"href":"https:\/\/polsinelli.me\/index.php\/wp-json\/wp\/v2\/comments?post=289"}],"version-history":[{"count":9,"href":"https:\/\/polsinelli.me\/index.php\/wp-json\/wp\/v2\/pages\/289\/revisions"}],"predecessor-version":[{"id":964,"href":"https:\/\/polsinelli.me\/index.php\/wp-json\/wp\/v2\/pages\/289\/revisions\/964"}],"up":[{"embeddable":true,"href":"https:\/\/polsinelli.me\/index.php\/wp-json\/wp\/v2\/pages\/705"}],"wp:featuredmedia":[{"embeddable":true,"href":"https:\/\/polsinelli.me\/index.php\/wp-json\/wp\/v2\/media\/373"}],"wp:attachment":[{"href":"https:\/\/polsinelli.me\/index.php\/wp-json\/wp\/v2\/media?parent=289"}],"curies":[{"name":"wp","href":"https:\/\/api.w.org\/{rel}","templated":true}]}}