{"id":705,"date":"2019-10-29T06:29:04","date_gmt":"2019-10-29T05:29:04","guid":{"rendered":"http:\/\/polsinelli.me\/?page_id=705"},"modified":"2022-08-04T08:39:29","modified_gmt":"2022-08-04T06:39:29","slug":"location-de-jeux","status":"publish","type":"page","link":"https:\/\/polsinelli.me\/index.php\/location-de-jeux\/","title":{"rendered":"Location de Jeux"},"content":{"rendered":"\n<p style=\"text-align:center\"><\/p>\n\n\n\n<p style=\"text-align:center\">Les jeux peuvent \u00eatre lou\u00e9s \u00e0 l&#8217;unit\u00e9 ou par pack de jeux (plus int\u00e9ressants).<\/p>\n\n\n\n<ul class=\"wp-block-gallery columns-3 wp-block-gallery-1 is-layout-flex wp-block-gallery-is-layout-flex\"><li class=\"blocks-gallery-item\"><figure><img loading=\"lazy\" decoding=\"async\" width=\"1024\" height=\"498\" src=\"http:\/\/polsinelli.me\/wp-content\/uploads\/2019\/10\/PLC-J-Memory-Billes-P-1024x498.jpg\" alt=\"\" data-id=\"972\" data-link=\"http:\/\/polsinelli.me\/index.php\/location-de-jeux\/memory-billes\/plc-j-memory-billes-p\/\" class=\"wp-image-972\" srcset=\"https:\/\/polsinelli.me\/wp-content\/uploads\/2019\/10\/PLC-J-Memory-Billes-P-1024x498.jpg 1024w, https:\/\/polsinelli.me\/wp-content\/uploads\/2019\/10\/PLC-J-Memory-Billes-P-300x146.jpg 300w, https:\/\/polsinelli.me\/wp-content\/uploads\/2019\/10\/PLC-J-Memory-Billes-P-768x373.jpg 768w\" sizes=\"(max-width: 1024px) 100vw, 1024px\" \/><\/figure><\/li><li class=\"blocks-gallery-item\"><figure><img loading=\"lazy\" decoding=\"async\" width=\"1024\" height=\"498\" src=\"http:\/\/polsinelli.me\/wp-content\/uploads\/2019\/10\/PLC-J-La-Meule-P-1024x498.jpg\" alt=\"\" data-id=\"970\" data-link=\"http:\/\/polsinelli.me\/index.php\/location-de-jeux\/la-meule\/plc-j-la-meule-p\/\" class=\"wp-image-970\" srcset=\"https:\/\/polsinelli.me\/wp-content\/uploads\/2019\/10\/PLC-J-La-Meule-P-1024x498.jpg 1024w, https:\/\/polsinelli.me\/wp-content\/uploads\/2019\/10\/PLC-J-La-Meule-P-300x146.jpg 300w, https:\/\/polsinelli.me\/wp-content\/uploads\/2019\/10\/PLC-J-La-Meule-P-768x373.jpg 768w\" sizes=\"(max-width: 1024px) 100vw, 1024px\" \/><\/figure><\/li><li class=\"blocks-gallery-item\"><figure><img loading=\"lazy\" decoding=\"async\" width=\"1024\" height=\"498\" src=\"http:\/\/polsinelli.me\/wp-content\/uploads\/2019\/10\/PLC-J-Barres-Parall\u00e8les-P-1024x498.jpg\" alt=\"\" data-id=\"957\" data-link=\"http:\/\/polsinelli.me\/index.php\/les-barres-paralleles\/plc-j-barres-paralleles-p\/\" class=\"wp-image-957\" srcset=\"https:\/\/polsinelli.me\/wp-content\/uploads\/2019\/10\/PLC-J-Barres-Parall\u00e8les-P-1024x498.jpg 1024w, https:\/\/polsinelli.me\/wp-content\/uploads\/2019\/10\/PLC-J-Barres-Parall\u00e8les-P-300x146.jpg 300w, https:\/\/polsinelli.me\/wp-content\/uploads\/2019\/10\/PLC-J-Barres-Parall\u00e8les-P-768x373.jpg 768w\" sizes=\"(max-width: 1024px) 100vw, 1024px\" \/><\/figure><\/li><li class=\"blocks-gallery-item\"><figure><img loading=\"lazy\" decoding=\"async\" width=\"1024\" height=\"498\" src=\"http:\/\/polsinelli.me\/wp-content\/uploads\/2019\/10\/PLC-J-Twister-Buzzer-P-1024x498.jpg\" alt=\"\" data-id=\"954\" data-link=\"http:\/\/polsinelli.me\/index.php\/twister-buzzer\/plc-j-twister-buzzer-p\/\" class=\"wp-image-954\" srcset=\"https:\/\/polsinelli.me\/wp-content\/uploads\/2019\/10\/PLC-J-Twister-Buzzer-P-1024x498.jpg 1024w, https:\/\/polsinelli.me\/wp-content\/uploads\/2019\/10\/PLC-J-Twister-Buzzer-P-300x146.jpg 300w, https:\/\/polsinelli.me\/wp-content\/uploads\/2019\/10\/PLC-J-Twister-Buzzer-P-768x373.jpg 768w\" sizes=\"(max-width: 1024px) 100vw, 1024px\" \/><\/figure><\/li><li class=\"blocks-gallery-item\"><figure><img loading=\"lazy\" decoding=\"async\" width=\"1024\" height=\"498\" src=\"http:\/\/polsinelli.me\/wp-content\/uploads\/2019\/10\/PLC-J-Derniere-baguette-1024x498.jpg\" alt=\"\" data-id=\"952\" data-link=\"http:\/\/polsinelli.me\/index.php\/location-de-jeux\/la-derniere-baguette\/plc-j-derniere-baguette\/\" class=\"wp-image-952\" srcset=\"https:\/\/polsinelli.me\/wp-content\/uploads\/2019\/10\/PLC-J-Derniere-baguette-1024x498.jpg 1024w, https:\/\/polsinelli.me\/wp-content\/uploads\/2019\/10\/PLC-J-Derniere-baguette-300x146.jpg 300w, https:\/\/polsinelli.me\/wp-content\/uploads\/2019\/10\/PLC-J-Derniere-baguette-768x373.jpg 768w\" sizes=\"(max-width: 1024px) 100vw, 1024px\" \/><\/figure><\/li><\/ul>\n\n\n\n<p style=\"text-align:center\">Jeux seul : 15 \u20ac\/jour<\/p>\n\n\n\n<p style=\"text-align:center\">Pack 4 Jeux : 55 \u20ac \/ Jour<\/p>\n\n\n\n<p style=\"text-align:center\">Pack 6 Jeux : 80\u20ac\/Jour<\/p>\n\n\n\n<p style=\"text-align:center\">Pack 8 Jeux : 100\u20ac\/Jour<\/p>\n\n\n\n<p style=\"text-align:center\">Pour des locations plus longues, A partir du 2e jour c&#8217;est 50% de remise.<\/p>\n\n\n\n<p style=\"text-align:center\">Jeux a venir chercher et rapporter sur place ( 38550 Saint Maurice l&#8217;exil) . Livraison possible facturation : 0.5\u20ac \/ Km<\/p>\n","protected":false},"excerpt":{"rendered":"<p>Les jeux peuvent \u00eatre lou\u00e9s \u00e0 l&#8217;unit\u00e9 ou par pack de jeux (plus int\u00e9ressants). Jeux seul : 15 \u20ac\/jour Pack 4 Jeux : 55 \u20ac \/ Jour Pack 6 Jeux : 80\u20ac\/Jour Pack 8 Jeux : 100\u20ac\/Jour Pour des locations plus longues, A partir du 2e jour c&#8217;est 50% de remise. Jeux a venir chercher &hellip;<\/p>\n<p class=\"read-more\"> <a class=\"\" href=\"https:\/\/polsinelli.me\/index.php\/location-de-jeux\/\"> <span class=\"screen-reader-text\">Location de Jeux<\/span> Lire la suite\u00a0\u00bb<\/a><\/p>\n","protected":false},"author":1,"featured_media":0,"parent":0,"menu_order":0,"comment_status":"closed","ping_status":"closed","template":"","meta":{"footnotes":""},"_links":{"self":[{"href":"https:\/\/polsinelli.me\/index.php\/wp-json\/wp\/v2\/pages\/705"}],"collection":[{"href":"https:\/\/polsinelli.me\/index.php\/wp-json\/wp\/v2\/pages"}],"about":[{"href":"https:\/\/polsinelli.me\/index.php\/wp-json\/wp\/v2\/types\/page"}],"author":[{"embeddable":true,"href":"https:\/\/polsinelli.me\/index.php\/wp-json\/wp\/v2\/users\/1"}],"replies":[{"embeddable":true,"href":"https:\/\/polsinelli.me\/index.php\/wp-json\/wp\/v2\/comments?post=705"}],"version-history":[{"count":3,"href":"https:\/\/polsinelli.me\/index.php\/wp-json\/wp\/v2\/pages\/705\/revisions"}],"predecessor-version":[{"id":975,"href":"https:\/\/polsinelli.me\/index.php\/wp-json\/wp\/v2\/pages\/705\/revisions\/975"}],"wp:attachment":[{"href":"https:\/\/polsinelli.me\/index.php\/wp-json\/wp\/v2\/media?parent=705"}],"curies":[{"name":"wp","href":"https:\/\/api.w.org\/{rel}","templated":true}]}}