{"id":825,"date":"2019-10-30T08:47:43","date_gmt":"2019-10-30T07:47:43","guid":{"rendered":"http:\/\/polsinelli.me\/?page_id=825"},"modified":"2022-08-04T08:39:29","modified_gmt":"2022-08-04T06:39:29","slug":"jeux-les-regions-de-france","status":"publish","type":"page","link":"https:\/\/polsinelli.me\/index.php\/location-de-jeux\/jeux-les-regions-de-france\/","title":{"rendered":"Jeux &#8211; Les r\u00e9gions de France"},"content":{"rendered":"\n<p>Voila un jeu qui ne va pas plaire \u00e0 tous les enfants. Il faut savoir reconna\u00eetre la positions des (nouvelles) r\u00e9gions fran\u00e7aises.<\/p>\n\n\n\n<ul class=\"wp-block-gallery columns-3 is-cropped wp-block-gallery-1 is-layout-flex wp-block-gallery-is-layout-flex\"><li class=\"blocks-gallery-item\"><figure><img loading=\"lazy\" decoding=\"async\" width=\"768\" height=\"1024\" src=\"http:\/\/polsinelli.me\/wp-content\/uploads\/2019\/10\/PLC-J-P-Regions-de-France-e1572449029484-768x1024.jpg\" alt=\"\" data-id=\"861\" data-link=\"http:\/\/polsinelli.me\/plc-j-p-regions-de-france\/\" class=\"wp-image-861\" srcset=\"https:\/\/polsinelli.me\/wp-content\/uploads\/2019\/10\/PLC-J-P-Regions-de-France-e1572449029484-768x1024.jpg 768w, https:\/\/polsinelli.me\/wp-content\/uploads\/2019\/10\/PLC-J-P-Regions-de-France-e1572449029484-225x300.jpg 225w\" sizes=\"(max-width: 768px) 100vw, 768px\" \/><\/figure><\/li><li class=\"blocks-gallery-item\"><figure><img loading=\"lazy\" decoding=\"async\" width=\"1024\" height=\"768\" src=\"http:\/\/polsinelli.me\/wp-content\/uploads\/2019\/10\/PLC-J-P-Regions-de-France-002-1024x768.jpg\" alt=\"\" data-id=\"860\" data-link=\"http:\/\/polsinelli.me\/plc-j-p-regions-de-france-002\/\" class=\"wp-image-860\" srcset=\"https:\/\/polsinelli.me\/wp-content\/uploads\/2019\/10\/PLC-J-P-Regions-de-France-002-1024x768.jpg 1024w, https:\/\/polsinelli.me\/wp-content\/uploads\/2019\/10\/PLC-J-P-Regions-de-France-002-300x225.jpg 300w, https:\/\/polsinelli.me\/wp-content\/uploads\/2019\/10\/PLC-J-P-Regions-de-France-002-768x576.jpg 768w\" sizes=\"(max-width: 1024px) 100vw, 1024px\" \/><\/figure><\/li><li class=\"blocks-gallery-item\"><figure><img loading=\"lazy\" decoding=\"async\" width=\"1024\" height=\"768\" src=\"http:\/\/polsinelli.me\/wp-content\/uploads\/2019\/10\/PLC-J-P-Regions-de-France-001-1024x768.jpg\" alt=\"\" data-id=\"859\" data-link=\"http:\/\/polsinelli.me\/plc-j-p-regions-de-france-001\/\" class=\"wp-image-859\" srcset=\"https:\/\/polsinelli.me\/wp-content\/uploads\/2019\/10\/PLC-J-P-Regions-de-France-001-1024x768.jpg 1024w, https:\/\/polsinelli.me\/wp-content\/uploads\/2019\/10\/PLC-J-P-Regions-de-France-001-300x225.jpg 300w, https:\/\/polsinelli.me\/wp-content\/uploads\/2019\/10\/PLC-J-P-Regions-de-France-001-768x576.jpg 768w\" sizes=\"(max-width: 1024px) 100vw, 1024px\" \/><\/figure><\/li><\/ul>\n\n\n\n<p><strong>Type de Jeux :<\/strong> Jeux de culture g\u00e9n\u00e9rale<\/p>\n\n\n\n<p><strong>Nombre de Joueurs :<\/strong>1<\/p>\n\n\n\n<p><strong>Age minimum :<\/strong> 7 ans<\/p>\n\n\n\n<p><strong>Objectif <\/strong>: Savoir positionner correctement les (nouvelles) r\u00e9gions de France. 10 questions successives et \u00e0 la fin une note sur 10.<\/p>\n\n\n\n<p><\/p>\n\n\n\n<p><strong>Remarque : <\/strong>N\u00e9cessite d\u2019\u00eatre branch\u00e9 sur une prise USB. La powerbank n\u00e9cessaire au fonctionnement est pr\u00eat\u00e9e.<\/p>\n","protected":false},"excerpt":{"rendered":"<p>Voila un jeu qui ne va pas plaire \u00e0 tous les enfants. Il faut savoir reconna\u00eetre la positions des (nouvelles) r\u00e9gions fran\u00e7aises. Type de Jeux : Jeux de culture g\u00e9n\u00e9rale Nombre de Joueurs :1 Age minimum : 7 ans Objectif : Savoir positionner correctement les (nouvelles) r\u00e9gions de France. 10 questions successives et \u00e0 la &hellip;<\/p>\n<p class=\"read-more\"> <a class=\"\" href=\"https:\/\/polsinelli.me\/index.php\/location-de-jeux\/jeux-les-regions-de-france\/\"> <span class=\"screen-reader-text\">Jeux &#8211; Les r\u00e9gions de France<\/span> Lire la suite\u00a0\u00bb<\/a><\/p>\n","protected":false},"author":1,"featured_media":0,"parent":705,"menu_order":0,"comment_status":"closed","ping_status":"closed","template":"","meta":{"footnotes":""},"_links":{"self":[{"href":"https:\/\/polsinelli.me\/index.php\/wp-json\/wp\/v2\/pages\/825"}],"collection":[{"href":"https:\/\/polsinelli.me\/index.php\/wp-json\/wp\/v2\/pages"}],"about":[{"href":"https:\/\/polsinelli.me\/index.php\/wp-json\/wp\/v2\/types\/page"}],"author":[{"embeddable":true,"href":"https:\/\/polsinelli.me\/index.php\/wp-json\/wp\/v2\/users\/1"}],"replies":[{"embeddable":true,"href":"https:\/\/polsinelli.me\/index.php\/wp-json\/wp\/v2\/comments?post=825"}],"version-history":[{"count":5,"href":"https:\/\/polsinelli.me\/index.php\/wp-json\/wp\/v2\/pages\/825\/revisions"}],"predecessor-version":[{"id":974,"href":"https:\/\/polsinelli.me\/index.php\/wp-json\/wp\/v2\/pages\/825\/revisions\/974"}],"up":[{"embeddable":true,"href":"https:\/\/polsinelli.me\/index.php\/wp-json\/wp\/v2\/pages\/705"}],"wp:attachment":[{"href":"https:\/\/polsinelli.me\/index.php\/wp-json\/wp\/v2\/media?parent=825"}],"curies":[{"name":"wp","href":"https:\/\/api.w.org\/{rel}","templated":true}]}}